{"id":94,"date":"2019-03-05T06:58:40","date_gmt":"2019-03-05T06:58:40","guid":{"rendered":"https:\/\/farbenfee.datenheld.de\/?page_id=94"},"modified":"2019-07-30T11:29:40","modified_gmt":"2019-07-30T10:29:40","slug":"kurse","status":"publish","type":"page","link":"https:\/\/farbenfee.li\/index.php\/kurse\/","title":{"rendered":"Kurse"},"content":{"rendered":"<div class=\"wp-block-image\"><figure class=\"aligncenter is-resized\"><img loading=\"lazy\" decoding=\"async\" src=\"https:\/\/farbenfee.datenheld.de\/wp-content\/uploads\/2019\/07\/Titelbild-Kurse.jpg\" alt=\"\" class=\"wp-image-277\" width=\"335\" height=\"480\" srcset=\"https:\/\/farbenfee.li\/wp-content\/uploads\/2019\/07\/Titelbild-Kurse.jpg 446w, https:\/\/farbenfee.li\/wp-content\/uploads\/2019\/07\/Titelbild-Kurse-209x300.jpg 209w, https:\/\/farbenfee.li\/wp-content\/uploads\/2019\/07\/Titelbild-Kurse-416x597.jpg 416w\" sizes=\"auto, (max-width: 335px) 100vw, 335px\" \/><\/figure><\/div><p>WAS K\u00d6NNEN MEINE KURSE SEIN?<\/p><ul class=\"wp-block-list\"><li>Meine Kurse sind Farbtupfer im Alltag.<\/li><li>Meine Kurse bringen Dich zum Wachsen.<\/li><li>Meine Kurse f\u00f6rdern versteckte F\u00e4higkeiten.<\/li><li>Meine Kurse k\u00f6nnen Lebenshilfe geben.<\/li><li>Meine Kurse bereiten Freude.<\/li><li>Meine Kurse erfordern keine Vorkenntnisse<\/li><li>Meine Kurse bringen Gleichgesinnte zusammen. <\/li><\/ul><p>Mich kann man auch &#8222;buchen&#8220;, z.B. f\u00fcr Firmenanl\u00e4sse, Kindergeburtstage, Vereinsanl\u00e4sse usw.<br> Anfragen unter: <a href=\"mailto:balt@bluewin.ch\">balt@bluewin.ch<\/a>. <\/p>","protected":false},"excerpt":{"rendered":"<p>WAS K\u00d6NNEN MEINE KURSE SEIN? Meine Kurse sind Farbtupfer im Alltag. Meine Kurse bringen Dich zum Wachsen. Meine Kurse f\u00f6rdern versteckte F\u00e4higkeiten. Meine Kurse k\u00f6nnen Lebenshilfe geben. Meine Kurse bereiten Freude. Meine Kurse erfordern keine Vorkenntnisse Meine Kurse bringen Gleichgesinnte zusammen. Mich kann man auch &#8222;buchen&#8220;, z.B. f\u00fcr Firmenanl\u00e4sse, Kindergeburtstage, Vereinsanl\u00e4sse usw. Anfragen unter: balt@bluewin.ch.<\/p>\n","protected":false},"author":2,"featured_media":0,"parent":0,"menu_order":0,"comment_status":"closed","ping_status":"closed","template":"","meta":{"footnotes":""},"class_list":["post-94","page","type-page","status-publish","hentry"],"yoast_head":"<!-- This site is optimized with the Yoast SEO plugin v23.5 - https:\/\/yoast.com\/wordpress\/plugins\/seo\/ -->\n<title>Kurse - Farbenfee.li<\/title>\n<meta name=\"robots\" content=\"index, follow, max-snippet:-1, max-image-preview:large, max-video-preview:-1\" \/>\n<link rel=\"canonical\" href=\"https:\/\/farbenfee.li\/index.php\/kurse\/\" \/>\n<meta property=\"og:locale\" content=\"de_DE\" \/>\n<meta property=\"og:type\" content=\"article\" \/>\n<meta property=\"og:title\" content=\"Kurse - Farbenfee.li\" \/>\n<meta property=\"og:description\" content=\"WAS K\u00d6NNEN MEINE KURSE SEIN? Meine Kurse sind Farbtupfer im Alltag. Meine Kurse bringen Dich zum Wachsen. Meine Kurse f\u00f6rdern versteckte F\u00e4higkeiten. Meine Kurse k\u00f6nnen Lebenshilfe geben. Meine Kurse bereiten Freude. Meine Kurse erfordern keine Vorkenntnisse Meine Kurse bringen Gleichgesinnte zusammen. Mich kann man auch &#8222;buchen&#8220;, z.B. f\u00fcr Firmenanl\u00e4sse, Kindergeburtstage, Vereinsanl\u00e4sse usw. Anfragen unter: balt@bluewin.ch.\" \/>\n<meta property=\"og:url\" content=\"https:\/\/farbenfee.li\/index.php\/kurse\/\" \/>\n<meta property=\"og:site_name\" content=\"Farbenfee.li\" \/>\n<meta property=\"article:modified_time\" content=\"2019-07-30T10:29:40+00:00\" \/>\n<meta property=\"og:image\" content=\"https:\/\/farbenfee.datenheld.de\/wp-content\/uploads\/2019\/07\/Titelbild-Kurse.jpg\" \/>\n<meta name=\"twitter:card\" content=\"summary_large_image\" \/>\n<script type=\"application\/ld+json\" class=\"yoast-schema-graph\">{\"@context\":\"https:\/\/schema.org\",\"@graph\":[{\"@type\":\"WebPage\",\"@id\":\"https:\/\/farbenfee.li\/index.php\/kurse\/\",\"url\":\"https:\/\/farbenfee.li\/index.php\/kurse\/\",\"name\":\"Kurse - Farbenfee.li\",\"isPartOf\":{\"@id\":\"https:\/\/farbenfee.li\/#website\"},\"primaryImageOfPage\":{\"@id\":\"https:\/\/farbenfee.li\/index.php\/kurse\/#primaryimage\"},\"image\":{\"@id\":\"https:\/\/farbenfee.li\/index.php\/kurse\/#primaryimage\"},\"thumbnailUrl\":\"https:\/\/farbenfee.datenheld.de\/wp-content\/uploads\/2019\/07\/Titelbild-Kurse.jpg\",\"datePublished\":\"2019-03-05T06:58:40+00:00\",\"dateModified\":\"2019-07-30T10:29:40+00:00\",\"breadcrumb\":{\"@id\":\"https:\/\/farbenfee.li\/index.php\/kurse\/#breadcrumb\"},\"inLanguage\":\"de\",\"potentialAction\":[{\"@type\":\"ReadAction\",\"target\":[\"https:\/\/farbenfee.li\/index.php\/kurse\/\"]}]},{\"@type\":\"ImageObject\",\"inLanguage\":\"de\",\"@id\":\"https:\/\/farbenfee.li\/index.php\/kurse\/#primaryimage\",\"url\":\"https:\/\/farbenfee.datenheld.de\/wp-content\/uploads\/2019\/07\/Titelbild-Kurse.jpg\",\"contentUrl\":\"https:\/\/farbenfee.datenheld.de\/wp-content\/uploads\/2019\/07\/Titelbild-Kurse.jpg\"},{\"@type\":\"BreadcrumbList\",\"@id\":\"https:\/\/farbenfee.li\/index.php\/kurse\/#breadcrumb\",\"itemListElement\":[{\"@type\":\"ListItem\",\"position\":1,\"name\":\"Home\",\"item\":\"https:\/\/farbenfee.li\/\"},{\"@type\":\"ListItem\",\"position\":2,\"name\":\"Kurse\"}]},{\"@type\":\"WebSite\",\"@id\":\"https:\/\/farbenfee.li\/#website\",\"url\":\"https:\/\/farbenfee.li\/\",\"name\":\"Farbenfee.li\",\"description\":\"Kunst-, Mal- und Gestaltungstherapie; Malp\u00e4dagogik\",\"publisher\":{\"@id\":\"https:\/\/farbenfee.li\/#organization\"},\"potentialAction\":[{\"@type\":\"SearchAction\",\"target\":{\"@type\":\"EntryPoint\",\"urlTemplate\":\"https:\/\/farbenfee.li\/?s={search_term_string}\"},\"query-input\":{\"@type\":\"PropertyValueSpecification\",\"valueRequired\":true,\"valueName\":\"search_term_string\"}}],\"inLanguage\":\"de\"},{\"@type\":\"Organization\",\"@id\":\"https:\/\/farbenfee.li\/#organization\",\"name\":\"Farbenfee\",\"url\":\"https:\/\/farbenfee.li\/\",\"logo\":{\"@type\":\"ImageObject\",\"inLanguage\":\"de\",\"@id\":\"https:\/\/farbenfee.li\/#\/schema\/logo\/image\/\",\"url\":\"https:\/\/farbenfee.li\/wp-content\/uploads\/2019\/08\/Wunderblume.jpg\",\"contentUrl\":\"https:\/\/farbenfee.li\/wp-content\/uploads\/2019\/08\/Wunderblume.jpg\",\"width\":2048,\"height\":1536,\"caption\":\"Farbenfee\"},\"image\":{\"@id\":\"https:\/\/farbenfee.li\/#\/schema\/logo\/image\/\"}}]}<\/script>\n<!-- \/ Yoast SEO plugin. -->","yoast_head_json":{"title":"Kurse - Farbenfee.li","robots":{"index":"index","follow":"follow","max-snippet":"max-snippet:-1","max-image-preview":"max-image-preview:large","max-video-preview":"max-video-preview:-1"},"canonical":"https:\/\/farbenfee.li\/index.php\/kurse\/","og_locale":"de_DE","og_type":"article","og_title":"Kurse - Farbenfee.li","og_description":"WAS K\u00d6NNEN MEINE KURSE SEIN? Meine Kurse sind Farbtupfer im Alltag. Meine Kurse bringen Dich zum Wachsen. Meine Kurse f\u00f6rdern versteckte F\u00e4higkeiten. Meine Kurse k\u00f6nnen Lebenshilfe geben. Meine Kurse bereiten Freude. Meine Kurse erfordern keine Vorkenntnisse Meine Kurse bringen Gleichgesinnte zusammen. Mich kann man auch &#8222;buchen&#8220;, z.B. f\u00fcr Firmenanl\u00e4sse, Kindergeburtstage, Vereinsanl\u00e4sse usw. Anfragen unter: balt@bluewin.ch.","og_url":"https:\/\/farbenfee.li\/index.php\/kurse\/","og_site_name":"Farbenfee.li","article_modified_time":"2019-07-30T10:29:40+00:00","og_image":[{"url":"https:\/\/farbenfee.datenheld.de\/wp-content\/uploads\/2019\/07\/Titelbild-Kurse.jpg"}],"twitter_card":"summary_large_image","schema":{"@context":"https:\/\/schema.org","@graph":[{"@type":"WebPage","@id":"https:\/\/farbenfee.li\/index.php\/kurse\/","url":"https:\/\/farbenfee.li\/index.php\/kurse\/","name":"Kurse - Farbenfee.li","isPartOf":{"@id":"https:\/\/farbenfee.li\/#website"},"primaryImageOfPage":{"@id":"https:\/\/farbenfee.li\/index.php\/kurse\/#primaryimage"},"image":{"@id":"https:\/\/farbenfee.li\/index.php\/kurse\/#primaryimage"},"thumbnailUrl":"https:\/\/farbenfee.datenheld.de\/wp-content\/uploads\/2019\/07\/Titelbild-Kurse.jpg","datePublished":"2019-03-05T06:58:40+00:00","dateModified":"2019-07-30T10:29:40+00:00","breadcrumb":{"@id":"https:\/\/farbenfee.li\/index.php\/kurse\/#breadcrumb"},"inLanguage":"de","potentialAction":[{"@type":"ReadAction","target":["https:\/\/farbenfee.li\/index.php\/kurse\/"]}]},{"@type":"ImageObject","inLanguage":"de","@id":"https:\/\/farbenfee.li\/index.php\/kurse\/#primaryimage","url":"https:\/\/farbenfee.datenheld.de\/wp-content\/uploads\/2019\/07\/Titelbild-Kurse.jpg","contentUrl":"https:\/\/farbenfee.datenheld.de\/wp-content\/uploads\/2019\/07\/Titelbild-Kurse.jpg"},{"@type":"BreadcrumbList","@id":"https:\/\/farbenfee.li\/index.php\/kurse\/#breadcrumb","itemListElement":[{"@type":"ListItem","position":1,"name":"Home","item":"https:\/\/farbenfee.li\/"},{"@type":"ListItem","position":2,"name":"Kurse"}]},{"@type":"WebSite","@id":"https:\/\/farbenfee.li\/#website","url":"https:\/\/farbenfee.li\/","name":"Farbenfee.li","description":"Kunst-, Mal- und Gestaltungstherapie; Malp\u00e4dagogik","publisher":{"@id":"https:\/\/farbenfee.li\/#organization"},"potentialAction":[{"@type":"SearchAction","target":{"@type":"EntryPoint","urlTemplate":"https:\/\/farbenfee.li\/?s={search_term_string}"},"query-input":{"@type":"PropertyValueSpecification","valueRequired":true,"valueName":"search_term_string"}}],"inLanguage":"de"},{"@type":"Organization","@id":"https:\/\/farbenfee.li\/#organization","name":"Farbenfee","url":"https:\/\/farbenfee.li\/","logo":{"@type":"ImageObject","inLanguage":"de","@id":"https:\/\/farbenfee.li\/#\/schema\/logo\/image\/","url":"https:\/\/farbenfee.li\/wp-content\/uploads\/2019\/08\/Wunderblume.jpg","contentUrl":"https:\/\/farbenfee.li\/wp-content\/uploads\/2019\/08\/Wunderblume.jpg","width":2048,"height":1536,"caption":"Farbenfee"},"image":{"@id":"https:\/\/farbenfee.li\/#\/schema\/logo\/image\/"}}]}},"_links":{"self":[{"href":"https:\/\/farbenfee.li\/index.php\/wp-json\/wp\/v2\/pages\/94","targetHints":{"allow":["GET"]}}],"collection":[{"href":"https:\/\/farbenfee.li\/index.php\/wp-json\/wp\/v2\/pages"}],"about":[{"href":"https:\/\/farbenfee.li\/index.php\/wp-json\/wp\/v2\/types\/page"}],"author":[{"embeddable":true,"href":"https:\/\/farbenfee.li\/index.php\/wp-json\/wp\/v2\/users\/2"}],"replies":[{"embeddable":true,"href":"https:\/\/farbenfee.li\/index.php\/wp-json\/wp\/v2\/comments?post=94"}],"version-history":[{"count":4,"href":"https:\/\/farbenfee.li\/index.php\/wp-json\/wp\/v2\/pages\/94\/revisions"}],"predecessor-version":[{"id":278,"href":"https:\/\/farbenfee.li\/index.php\/wp-json\/wp\/v2\/pages\/94\/revisions\/278"}],"wp:attachment":[{"href":"https:\/\/farbenfee.li\/index.php\/wp-json\/wp\/v2\/media?parent=94"}],"curies":[{"name":"wp","href":"https:\/\/api.w.org\/{rel}","templated":true}]}}