{"id":92,"date":"2019-03-05T06:58:10","date_gmt":"2019-03-05T06:58:10","guid":{"rendered":"https:\/\/farbenfee.datenheld.de\/?page_id=92"},"modified":"2020-01-17T13:58:29","modified_gmt":"2020-01-17T12:58:29","slug":"kunsttherapie","status":"publish","type":"page","link":"https:\/\/farbenfee.li\/index.php\/kunsttherapie\/","title":{"rendered":"Was ist Kunsttherapie?"},"content":{"rendered":"<div class=\"wp-block-image\"><figure class=\"aligncenter\"><img loading=\"lazy\" decoding=\"async\" width=\"300\" height=\"300\" src=\"https:\/\/farbenfee.datenheld.de\/wp-content\/uploads\/2019\/08\/Titelbild-Was-ist-Kunsttherapie-300x300.jpg\" alt=\"\" class=\"wp-image-310\" srcset=\"https:\/\/farbenfee.li\/wp-content\/uploads\/2019\/08\/Titelbild-Was-ist-Kunsttherapie-300x300.jpg 300w, https:\/\/farbenfee.li\/wp-content\/uploads\/2019\/08\/Titelbild-Was-ist-Kunsttherapie-150x150.jpg 150w, https:\/\/farbenfee.li\/wp-content\/uploads\/2019\/08\/Titelbild-Was-ist-Kunsttherapie-324x324.jpg 324w, https:\/\/farbenfee.li\/wp-content\/uploads\/2019\/08\/Titelbild-Was-ist-Kunsttherapie-416x416.jpg 416w, https:\/\/farbenfee.li\/wp-content\/uploads\/2019\/08\/Titelbild-Was-ist-Kunsttherapie-100x100.jpg 100w, https:\/\/farbenfee.li\/wp-content\/uploads\/2019\/08\/Titelbild-Was-ist-Kunsttherapie.jpg 640w\" sizes=\"auto, (max-width: 300px) 100vw, 300px\" \/><\/figure><\/div><p>Unsere Seele braucht Bilder. Bilder und Vorstellungen helfen uns gesund zu bleiben.  Unsere H\u00e4nde helfen uns, auch ohne Vorkenntnisse, solche Bilder zu schaffen. Durch angeleitete gemalte und gestaltete Bilder, auch mit Naturmaterialien gestaltete  Kunstwerke oder andere Gestaltungsm\u00f6glichkeiten wie die Arbeit mit Speckstein und Ton tauchen wir in unsere Gef\u00fchlswelt ein und nehmen unsere Lebenssituation differenzierter  wahr. Wir verlassen rein Kopflastiges. Unsere Gef\u00fchle und Gedanken kommen in Bewegung. Wir beginnen Situationen anders zu beurteilen, wir sehen Ver\u00e4nderungsm\u00f6glichkeiten  und nehmen allm\u00e4hlich unser Lebenssteuer wieder selbst in die Hand. Wir werden uns  Dinge bewusst, die unter Umst\u00e4nden jahrelang negativ in uns gewirkt haben. Sobald uns  bewusst wird was uns schadet, schadet es uns nicht mehr. Wir k\u00f6nnen etwas ver\u00e4ndern und Gegensteuer geben so dass auch in st\u00fcrmischen Zeiten unser Lebensschiff nicht untergeht. Bei diesen Prozessen hilft uns eine einf\u00fchlsame, begleitende, analysierende und unterst\u00fctzende Betreuung durch die Therapeutin, den Therapeuten.<\/p><p>Mir ist es wichtig zuzuh\u00f6ren, unter Umst\u00e4nden einfach nur da zu sein und die mir anvertraute Person zu begleiten. Gemeinsam finden wir Wege um wieder frischen Mut zu fassen um weitergehen zu k\u00f6nnen. Ich freue mich auf Sie! <\/p>","protected":false},"excerpt":{"rendered":"<p>Unsere Seele braucht Bilder. Bilder und Vorstellungen helfen uns gesund zu bleiben. Unsere H\u00e4nde helfen uns, auch ohne Vorkenntnisse, solche Bilder zu schaffen. Durch angeleitete gemalte und gestaltete Bilder, auch mit Naturmaterialien gestaltete Kunstwerke oder andere Gestaltungsm\u00f6glichkeiten wie die Arbeit mit Speckstein und Ton tauchen wir in unsere Gef\u00fchlswelt ein und nehmen unsere Lebenssituation differenzierter [&hellip;]<\/p>\n","protected":false},"author":2,"featured_media":0,"parent":0,"menu_order":0,"comment_status":"closed","ping_status":"closed","template":"","meta":{"footnotes":""},"class_list":["post-92","page","type-page","status-publish","hentry"],"yoast_head":"<!-- This site is optimized with the Yoast SEO plugin v23.5 - https:\/\/yoast.com\/wordpress\/plugins\/seo\/ -->\n<title>Was ist Kunsttherapie? - Farbenfee.li<\/title>\n<meta name=\"robots\" content=\"index, follow, max-snippet:-1, max-image-preview:large, max-video-preview:-1\" \/>\n<link rel=\"canonical\" href=\"https:\/\/farbenfee.li\/index.php\/kunsttherapie\/\" \/>\n<meta property=\"og:locale\" content=\"de_DE\" \/>\n<meta property=\"og:type\" content=\"article\" \/>\n<meta property=\"og:title\" content=\"Was ist Kunsttherapie? - Farbenfee.li\" \/>\n<meta property=\"og:description\" content=\"Unsere Seele braucht Bilder. Bilder und Vorstellungen helfen uns gesund zu bleiben. Unsere H\u00e4nde helfen uns, auch ohne Vorkenntnisse, solche Bilder zu schaffen. Durch angeleitete gemalte und gestaltete Bilder, auch mit Naturmaterialien gestaltete Kunstwerke oder andere Gestaltungsm\u00f6glichkeiten wie die Arbeit mit Speckstein und Ton tauchen wir in unsere Gef\u00fchlswelt ein und nehmen unsere Lebenssituation differenzierter [&hellip;]\" \/>\n<meta property=\"og:url\" content=\"https:\/\/farbenfee.li\/index.php\/kunsttherapie\/\" \/>\n<meta property=\"og:site_name\" content=\"Farbenfee.li\" \/>\n<meta property=\"article:modified_time\" content=\"2020-01-17T12:58:29+00:00\" \/>\n<meta property=\"og:image\" content=\"https:\/\/farbenfee.datenheld.de\/wp-content\/uploads\/2019\/08\/Titelbild-Was-ist-Kunsttherapie-300x300.jpg\" \/>\n<meta name=\"twitter:card\" content=\"summary_large_image\" \/>\n<meta name=\"twitter:label1\" content=\"Gesch\u00e4tzte Lesezeit\" \/>\n\t<meta name=\"twitter:data1\" content=\"1\u00a0Minute\" \/>\n<script type=\"application\/ld+json\" class=\"yoast-schema-graph\">{\"@context\":\"https:\/\/schema.org\",\"@graph\":[{\"@type\":\"WebPage\",\"@id\":\"https:\/\/farbenfee.li\/index.php\/kunsttherapie\/\",\"url\":\"https:\/\/farbenfee.li\/index.php\/kunsttherapie\/\",\"name\":\"Was ist Kunsttherapie? - Farbenfee.li\",\"isPartOf\":{\"@id\":\"https:\/\/farbenfee.li\/#website\"},\"primaryImageOfPage\":{\"@id\":\"https:\/\/farbenfee.li\/index.php\/kunsttherapie\/#primaryimage\"},\"image\":{\"@id\":\"https:\/\/farbenfee.li\/index.php\/kunsttherapie\/#primaryimage\"},\"thumbnailUrl\":\"https:\/\/farbenfee.datenheld.de\/wp-content\/uploads\/2019\/08\/Titelbild-Was-ist-Kunsttherapie-300x300.jpg\",\"datePublished\":\"2019-03-05T06:58:10+00:00\",\"dateModified\":\"2020-01-17T12:58:29+00:00\",\"breadcrumb\":{\"@id\":\"https:\/\/farbenfee.li\/index.php\/kunsttherapie\/#breadcrumb\"},\"inLanguage\":\"de\",\"potentialAction\":[{\"@type\":\"ReadAction\",\"target\":[\"https:\/\/farbenfee.li\/index.php\/kunsttherapie\/\"]}]},{\"@type\":\"ImageObject\",\"inLanguage\":\"de\",\"@id\":\"https:\/\/farbenfee.li\/index.php\/kunsttherapie\/#primaryimage\",\"url\":\"https:\/\/farbenfee.datenheld.de\/wp-content\/uploads\/2019\/08\/Titelbild-Was-ist-Kunsttherapie-300x300.jpg\",\"contentUrl\":\"https:\/\/farbenfee.datenheld.de\/wp-content\/uploads\/2019\/08\/Titelbild-Was-ist-Kunsttherapie-300x300.jpg\"},{\"@type\":\"BreadcrumbList\",\"@id\":\"https:\/\/farbenfee.li\/index.php\/kunsttherapie\/#breadcrumb\",\"itemListElement\":[{\"@type\":\"ListItem\",\"position\":1,\"name\":\"Home\",\"item\":\"https:\/\/farbenfee.li\/\"},{\"@type\":\"ListItem\",\"position\":2,\"name\":\"Was ist Kunsttherapie?\"}]},{\"@type\":\"WebSite\",\"@id\":\"https:\/\/farbenfee.li\/#website\",\"url\":\"https:\/\/farbenfee.li\/\",\"name\":\"Farbenfee.li\",\"description\":\"Kunst-, Mal- und Gestaltungstherapie; Malp\u00e4dagogik\",\"publisher\":{\"@id\":\"https:\/\/farbenfee.li\/#organization\"},\"potentialAction\":[{\"@type\":\"SearchAction\",\"target\":{\"@type\":\"EntryPoint\",\"urlTemplate\":\"https:\/\/farbenfee.li\/?s={search_term_string}\"},\"query-input\":{\"@type\":\"PropertyValueSpecification\",\"valueRequired\":true,\"valueName\":\"search_term_string\"}}],\"inLanguage\":\"de\"},{\"@type\":\"Organization\",\"@id\":\"https:\/\/farbenfee.li\/#organization\",\"name\":\"Farbenfee\",\"url\":\"https:\/\/farbenfee.li\/\",\"logo\":{\"@type\":\"ImageObject\",\"inLanguage\":\"de\",\"@id\":\"https:\/\/farbenfee.li\/#\/schema\/logo\/image\/\",\"url\":\"https:\/\/farbenfee.li\/wp-content\/uploads\/2019\/08\/Wunderblume.jpg\",\"contentUrl\":\"https:\/\/farbenfee.li\/wp-content\/uploads\/2019\/08\/Wunderblume.jpg\",\"width\":2048,\"height\":1536,\"caption\":\"Farbenfee\"},\"image\":{\"@id\":\"https:\/\/farbenfee.li\/#\/schema\/logo\/image\/\"}}]}<\/script>\n<!-- \/ Yoast SEO plugin. -->","yoast_head_json":{"title":"Was ist Kunsttherapie? - Farbenfee.li","robots":{"index":"index","follow":"follow","max-snippet":"max-snippet:-1","max-image-preview":"max-image-preview:large","max-video-preview":"max-video-preview:-1"},"canonical":"https:\/\/farbenfee.li\/index.php\/kunsttherapie\/","og_locale":"de_DE","og_type":"article","og_title":"Was ist Kunsttherapie? - Farbenfee.li","og_description":"Unsere Seele braucht Bilder. Bilder und Vorstellungen helfen uns gesund zu bleiben. Unsere H\u00e4nde helfen uns, auch ohne Vorkenntnisse, solche Bilder zu schaffen. Durch angeleitete gemalte und gestaltete Bilder, auch mit Naturmaterialien gestaltete Kunstwerke oder andere Gestaltungsm\u00f6glichkeiten wie die Arbeit mit Speckstein und Ton tauchen wir in unsere Gef\u00fchlswelt ein und nehmen unsere Lebenssituation differenzierter [&hellip;]","og_url":"https:\/\/farbenfee.li\/index.php\/kunsttherapie\/","og_site_name":"Farbenfee.li","article_modified_time":"2020-01-17T12:58:29+00:00","og_image":[{"url":"https:\/\/farbenfee.datenheld.de\/wp-content\/uploads\/2019\/08\/Titelbild-Was-ist-Kunsttherapie-300x300.jpg"}],"twitter_card":"summary_large_image","twitter_misc":{"Gesch\u00e4tzte Lesezeit":"1\u00a0Minute"},"schema":{"@context":"https:\/\/schema.org","@graph":[{"@type":"WebPage","@id":"https:\/\/farbenfee.li\/index.php\/kunsttherapie\/","url":"https:\/\/farbenfee.li\/index.php\/kunsttherapie\/","name":"Was ist Kunsttherapie? - Farbenfee.li","isPartOf":{"@id":"https:\/\/farbenfee.li\/#website"},"primaryImageOfPage":{"@id":"https:\/\/farbenfee.li\/index.php\/kunsttherapie\/#primaryimage"},"image":{"@id":"https:\/\/farbenfee.li\/index.php\/kunsttherapie\/#primaryimage"},"thumbnailUrl":"https:\/\/farbenfee.datenheld.de\/wp-content\/uploads\/2019\/08\/Titelbild-Was-ist-Kunsttherapie-300x300.jpg","datePublished":"2019-03-05T06:58:10+00:00","dateModified":"2020-01-17T12:58:29+00:00","breadcrumb":{"@id":"https:\/\/farbenfee.li\/index.php\/kunsttherapie\/#breadcrumb"},"inLanguage":"de","potentialAction":[{"@type":"ReadAction","target":["https:\/\/farbenfee.li\/index.php\/kunsttherapie\/"]}]},{"@type":"ImageObject","inLanguage":"de","@id":"https:\/\/farbenfee.li\/index.php\/kunsttherapie\/#primaryimage","url":"https:\/\/farbenfee.datenheld.de\/wp-content\/uploads\/2019\/08\/Titelbild-Was-ist-Kunsttherapie-300x300.jpg","contentUrl":"https:\/\/farbenfee.datenheld.de\/wp-content\/uploads\/2019\/08\/Titelbild-Was-ist-Kunsttherapie-300x300.jpg"},{"@type":"BreadcrumbList","@id":"https:\/\/farbenfee.li\/index.php\/kunsttherapie\/#breadcrumb","itemListElement":[{"@type":"ListItem","position":1,"name":"Home","item":"https:\/\/farbenfee.li\/"},{"@type":"ListItem","position":2,"name":"Was ist Kunsttherapie?"}]},{"@type":"WebSite","@id":"https:\/\/farbenfee.li\/#website","url":"https:\/\/farbenfee.li\/","name":"Farbenfee.li","description":"Kunst-, Mal- und Gestaltungstherapie; Malp\u00e4dagogik","publisher":{"@id":"https:\/\/farbenfee.li\/#organization"},"potentialAction":[{"@type":"SearchAction","target":{"@type":"EntryPoint","urlTemplate":"https:\/\/farbenfee.li\/?s={search_term_string}"},"query-input":{"@type":"PropertyValueSpecification","valueRequired":true,"valueName":"search_term_string"}}],"inLanguage":"de"},{"@type":"Organization","@id":"https:\/\/farbenfee.li\/#organization","name":"Farbenfee","url":"https:\/\/farbenfee.li\/","logo":{"@type":"ImageObject","inLanguage":"de","@id":"https:\/\/farbenfee.li\/#\/schema\/logo\/image\/","url":"https:\/\/farbenfee.li\/wp-content\/uploads\/2019\/08\/Wunderblume.jpg","contentUrl":"https:\/\/farbenfee.li\/wp-content\/uploads\/2019\/08\/Wunderblume.jpg","width":2048,"height":1536,"caption":"Farbenfee"},"image":{"@id":"https:\/\/farbenfee.li\/#\/schema\/logo\/image\/"}}]}},"_links":{"self":[{"href":"https:\/\/farbenfee.li\/index.php\/wp-json\/wp\/v2\/pages\/92","targetHints":{"allow":["GET"]}}],"collection":[{"href":"https:\/\/farbenfee.li\/index.php\/wp-json\/wp\/v2\/pages"}],"about":[{"href":"https:\/\/farbenfee.li\/index.php\/wp-json\/wp\/v2\/types\/page"}],"author":[{"embeddable":true,"href":"https:\/\/farbenfee.li\/index.php\/wp-json\/wp\/v2\/users\/2"}],"replies":[{"embeddable":true,"href":"https:\/\/farbenfee.li\/index.php\/wp-json\/wp\/v2\/comments?post=92"}],"version-history":[{"count":3,"href":"https:\/\/farbenfee.li\/index.php\/wp-json\/wp\/v2\/pages\/92\/revisions"}],"predecessor-version":[{"id":453,"href":"https:\/\/farbenfee.li\/index.php\/wp-json\/wp\/v2\/pages\/92\/revisions\/453"}],"wp:attachment":[{"href":"https:\/\/farbenfee.li\/index.php\/wp-json\/wp\/v2\/media?parent=92"}],"curies":[{"name":"wp","href":"https:\/\/api.w.org\/{rel}","templated":true}]}}