{"id":88,"date":"2019-03-05T06:56:50","date_gmt":"2019-03-05T06:56:50","guid":{"rendered":"https:\/\/farbenfee.datenheld.de\/?page_id=88"},"modified":"2020-01-17T13:57:09","modified_gmt":"2020-01-17T12:57:09","slug":"aus-und-weiterbildung","status":"publish","type":"page","link":"https:\/\/farbenfee.li\/index.php\/aus-und-weiterbildung\/","title":{"rendered":"Aus- und Weiterbildung"},"content":{"rendered":"<div class=\"wp-block-image\"><figure class=\"aligncenter is-resized\"><img loading=\"lazy\" decoding=\"async\" src=\"https:\/\/farbenfee.datenheld.de\/wp-content\/uploads\/2019\/04\/Aus-und_Weiterbildung-300x212.jpg\" alt=\"\" class=\"wp-image-177\" width=\"499\" height=\"353\" srcset=\"https:\/\/farbenfee.li\/wp-content\/uploads\/2019\/04\/Aus-und_Weiterbildung-300x212.jpg 300w, https:\/\/farbenfee.li\/wp-content\/uploads\/2019\/04\/Aus-und_Weiterbildung-768x542.jpg 768w, https:\/\/farbenfee.li\/wp-content\/uploads\/2019\/04\/Aus-und_Weiterbildung-1024x722.jpg 1024w, https:\/\/farbenfee.li\/wp-content\/uploads\/2019\/04\/Aus-und_Weiterbildung-416x293.jpg 416w\" sizes=\"auto, (max-width: 499px) 100vw, 499px\" \/><\/figure><\/div><p>In meinem Rucksack befinden sich verschiedene Ausbildungen und Lebenserfahrungen. Einiges konnte ich in einer Institution lernen. Vieles lernte ich durchs Leben, zum Beispiel durchs Muttersein.<br>Alles hat mich gepr\u00e4gt, weiter gebracht und st\u00e4rker gemacht.<\/p><p>Heute kann ich aus einem reich gef\u00fcllten Rucksack sch\u00f6pfen und freue mich mittels meines Wissens und meiner Lebenserfahrung Menschen in schwierigen Lebenslagen zu begleiten. <\/p><p><\/p>","protected":false},"excerpt":{"rendered":"<p>In meinem Rucksack befinden sich verschiedene Ausbildungen und Lebenserfahrungen. Einiges konnte ich in einer Institution lernen. Vieles lernte ich durchs Leben, zum Beispiel durchs Muttersein.Alles hat mich gepr\u00e4gt, weiter gebracht und st\u00e4rker gemacht. Heute kann ich aus einem reich gef\u00fcllten Rucksack sch\u00f6pfen und freue mich mittels meines Wissens und meiner Lebenserfahrung Menschen in schwierigen Lebenslagen [&hellip;]<\/p>\n","protected":false},"author":2,"featured_media":0,"parent":0,"menu_order":0,"comment_status":"closed","ping_status":"closed","template":"","meta":{"footnotes":""},"class_list":["post-88","page","type-page","status-publish","hentry"],"yoast_head":"<!-- This site is optimized with the Yoast SEO plugin v23.5 - https:\/\/yoast.com\/wordpress\/plugins\/seo\/ -->\n<title>Aus- und Weiterbildung - Farbenfee.li<\/title>\n<meta name=\"robots\" content=\"index, follow, max-snippet:-1, max-image-preview:large, max-video-preview:-1\" \/>\n<link rel=\"canonical\" href=\"https:\/\/farbenfee.li\/index.php\/aus-und-weiterbildung\/\" \/>\n<meta property=\"og:locale\" content=\"de_DE\" \/>\n<meta property=\"og:type\" content=\"article\" \/>\n<meta property=\"og:title\" content=\"Aus- und Weiterbildung - Farbenfee.li\" \/>\n<meta property=\"og:description\" content=\"In meinem Rucksack befinden sich verschiedene Ausbildungen und Lebenserfahrungen. Einiges konnte ich in einer Institution lernen. Vieles lernte ich durchs Leben, zum Beispiel durchs Muttersein.Alles hat mich gepr\u00e4gt, weiter gebracht und st\u00e4rker gemacht. Heute kann ich aus einem reich gef\u00fcllten Rucksack sch\u00f6pfen und freue mich mittels meines Wissens und meiner Lebenserfahrung Menschen in schwierigen Lebenslagen [&hellip;]\" \/>\n<meta property=\"og:url\" content=\"https:\/\/farbenfee.li\/index.php\/aus-und-weiterbildung\/\" \/>\n<meta property=\"og:site_name\" content=\"Farbenfee.li\" \/>\n<meta property=\"article:modified_time\" content=\"2020-01-17T12:57:09+00:00\" \/>\n<meta property=\"og:image\" content=\"https:\/\/farbenfee.datenheld.de\/wp-content\/uploads\/2019\/04\/Aus-und_Weiterbildung-300x212.jpg\" \/>\n<meta name=\"twitter:card\" content=\"summary_large_image\" \/>\n<script type=\"application\/ld+json\" class=\"yoast-schema-graph\">{\"@context\":\"https:\/\/schema.org\",\"@graph\":[{\"@type\":\"WebPage\",\"@id\":\"https:\/\/farbenfee.li\/index.php\/aus-und-weiterbildung\/\",\"url\":\"https:\/\/farbenfee.li\/index.php\/aus-und-weiterbildung\/\",\"name\":\"Aus- und Weiterbildung - Farbenfee.li\",\"isPartOf\":{\"@id\":\"https:\/\/farbenfee.li\/#website\"},\"primaryImageOfPage\":{\"@id\":\"https:\/\/farbenfee.li\/index.php\/aus-und-weiterbildung\/#primaryimage\"},\"image\":{\"@id\":\"https:\/\/farbenfee.li\/index.php\/aus-und-weiterbildung\/#primaryimage\"},\"thumbnailUrl\":\"https:\/\/farbenfee.datenheld.de\/wp-content\/uploads\/2019\/04\/Aus-und_Weiterbildung-300x212.jpg\",\"datePublished\":\"2019-03-05T06:56:50+00:00\",\"dateModified\":\"2020-01-17T12:57:09+00:00\",\"breadcrumb\":{\"@id\":\"https:\/\/farbenfee.li\/index.php\/aus-und-weiterbildung\/#breadcrumb\"},\"inLanguage\":\"de\",\"potentialAction\":[{\"@type\":\"ReadAction\",\"target\":[\"https:\/\/farbenfee.li\/index.php\/aus-und-weiterbildung\/\"]}]},{\"@type\":\"ImageObject\",\"inLanguage\":\"de\",\"@id\":\"https:\/\/farbenfee.li\/index.php\/aus-und-weiterbildung\/#primaryimage\",\"url\":\"https:\/\/farbenfee.datenheld.de\/wp-content\/uploads\/2019\/04\/Aus-und_Weiterbildung-300x212.jpg\",\"contentUrl\":\"https:\/\/farbenfee.datenheld.de\/wp-content\/uploads\/2019\/04\/Aus-und_Weiterbildung-300x212.jpg\"},{\"@type\":\"BreadcrumbList\",\"@id\":\"https:\/\/farbenfee.li\/index.php\/aus-und-weiterbildung\/#breadcrumb\",\"itemListElement\":[{\"@type\":\"ListItem\",\"position\":1,\"name\":\"Home\",\"item\":\"https:\/\/farbenfee.li\/\"},{\"@type\":\"ListItem\",\"position\":2,\"name\":\"Aus- und Weiterbildung\"}]},{\"@type\":\"WebSite\",\"@id\":\"https:\/\/farbenfee.li\/#website\",\"url\":\"https:\/\/farbenfee.li\/\",\"name\":\"Farbenfee.li\",\"description\":\"Kunst-, Mal- und Gestaltungstherapie; Malp\u00e4dagogik\",\"publisher\":{\"@id\":\"https:\/\/farbenfee.li\/#organization\"},\"potentialAction\":[{\"@type\":\"SearchAction\",\"target\":{\"@type\":\"EntryPoint\",\"urlTemplate\":\"https:\/\/farbenfee.li\/?s={search_term_string}\"},\"query-input\":{\"@type\":\"PropertyValueSpecification\",\"valueRequired\":true,\"valueName\":\"search_term_string\"}}],\"inLanguage\":\"de\"},{\"@type\":\"Organization\",\"@id\":\"https:\/\/farbenfee.li\/#organization\",\"name\":\"Farbenfee\",\"url\":\"https:\/\/farbenfee.li\/\",\"logo\":{\"@type\":\"ImageObject\",\"inLanguage\":\"de\",\"@id\":\"https:\/\/farbenfee.li\/#\/schema\/logo\/image\/\",\"url\":\"https:\/\/farbenfee.li\/wp-content\/uploads\/2019\/08\/Wunderblume.jpg\",\"contentUrl\":\"https:\/\/farbenfee.li\/wp-content\/uploads\/2019\/08\/Wunderblume.jpg\",\"width\":2048,\"height\":1536,\"caption\":\"Farbenfee\"},\"image\":{\"@id\":\"https:\/\/farbenfee.li\/#\/schema\/logo\/image\/\"}}]}<\/script>\n<!-- \/ Yoast SEO plugin. -->","yoast_head_json":{"title":"Aus- und Weiterbildung - Farbenfee.li","robots":{"index":"index","follow":"follow","max-snippet":"max-snippet:-1","max-image-preview":"max-image-preview:large","max-video-preview":"max-video-preview:-1"},"canonical":"https:\/\/farbenfee.li\/index.php\/aus-und-weiterbildung\/","og_locale":"de_DE","og_type":"article","og_title":"Aus- und Weiterbildung - Farbenfee.li","og_description":"In meinem Rucksack befinden sich verschiedene Ausbildungen und Lebenserfahrungen. Einiges konnte ich in einer Institution lernen. Vieles lernte ich durchs Leben, zum Beispiel durchs Muttersein.Alles hat mich gepr\u00e4gt, weiter gebracht und st\u00e4rker gemacht. Heute kann ich aus einem reich gef\u00fcllten Rucksack sch\u00f6pfen und freue mich mittels meines Wissens und meiner Lebenserfahrung Menschen in schwierigen Lebenslagen [&hellip;]","og_url":"https:\/\/farbenfee.li\/index.php\/aus-und-weiterbildung\/","og_site_name":"Farbenfee.li","article_modified_time":"2020-01-17T12:57:09+00:00","og_image":[{"url":"https:\/\/farbenfee.datenheld.de\/wp-content\/uploads\/2019\/04\/Aus-und_Weiterbildung-300x212.jpg"}],"twitter_card":"summary_large_image","schema":{"@context":"https:\/\/schema.org","@graph":[{"@type":"WebPage","@id":"https:\/\/farbenfee.li\/index.php\/aus-und-weiterbildung\/","url":"https:\/\/farbenfee.li\/index.php\/aus-und-weiterbildung\/","name":"Aus- und Weiterbildung - Farbenfee.li","isPartOf":{"@id":"https:\/\/farbenfee.li\/#website"},"primaryImageOfPage":{"@id":"https:\/\/farbenfee.li\/index.php\/aus-und-weiterbildung\/#primaryimage"},"image":{"@id":"https:\/\/farbenfee.li\/index.php\/aus-und-weiterbildung\/#primaryimage"},"thumbnailUrl":"https:\/\/farbenfee.datenheld.de\/wp-content\/uploads\/2019\/04\/Aus-und_Weiterbildung-300x212.jpg","datePublished":"2019-03-05T06:56:50+00:00","dateModified":"2020-01-17T12:57:09+00:00","breadcrumb":{"@id":"https:\/\/farbenfee.li\/index.php\/aus-und-weiterbildung\/#breadcrumb"},"inLanguage":"de","potentialAction":[{"@type":"ReadAction","target":["https:\/\/farbenfee.li\/index.php\/aus-und-weiterbildung\/"]}]},{"@type":"ImageObject","inLanguage":"de","@id":"https:\/\/farbenfee.li\/index.php\/aus-und-weiterbildung\/#primaryimage","url":"https:\/\/farbenfee.datenheld.de\/wp-content\/uploads\/2019\/04\/Aus-und_Weiterbildung-300x212.jpg","contentUrl":"https:\/\/farbenfee.datenheld.de\/wp-content\/uploads\/2019\/04\/Aus-und_Weiterbildung-300x212.jpg"},{"@type":"BreadcrumbList","@id":"https:\/\/farbenfee.li\/index.php\/aus-und-weiterbildung\/#breadcrumb","itemListElement":[{"@type":"ListItem","position":1,"name":"Home","item":"https:\/\/farbenfee.li\/"},{"@type":"ListItem","position":2,"name":"Aus- und Weiterbildung"}]},{"@type":"WebSite","@id":"https:\/\/farbenfee.li\/#website","url":"https:\/\/farbenfee.li\/","name":"Farbenfee.li","description":"Kunst-, Mal- und Gestaltungstherapie; Malp\u00e4dagogik","publisher":{"@id":"https:\/\/farbenfee.li\/#organization"},"potentialAction":[{"@type":"SearchAction","target":{"@type":"EntryPoint","urlTemplate":"https:\/\/farbenfee.li\/?s={search_term_string}"},"query-input":{"@type":"PropertyValueSpecification","valueRequired":true,"valueName":"search_term_string"}}],"inLanguage":"de"},{"@type":"Organization","@id":"https:\/\/farbenfee.li\/#organization","name":"Farbenfee","url":"https:\/\/farbenfee.li\/","logo":{"@type":"ImageObject","inLanguage":"de","@id":"https:\/\/farbenfee.li\/#\/schema\/logo\/image\/","url":"https:\/\/farbenfee.li\/wp-content\/uploads\/2019\/08\/Wunderblume.jpg","contentUrl":"https:\/\/farbenfee.li\/wp-content\/uploads\/2019\/08\/Wunderblume.jpg","width":2048,"height":1536,"caption":"Farbenfee"},"image":{"@id":"https:\/\/farbenfee.li\/#\/schema\/logo\/image\/"}}]}},"_links":{"self":[{"href":"https:\/\/farbenfee.li\/index.php\/wp-json\/wp\/v2\/pages\/88","targetHints":{"allow":["GET"]}}],"collection":[{"href":"https:\/\/farbenfee.li\/index.php\/wp-json\/wp\/v2\/pages"}],"about":[{"href":"https:\/\/farbenfee.li\/index.php\/wp-json\/wp\/v2\/types\/page"}],"author":[{"embeddable":true,"href":"https:\/\/farbenfee.li\/index.php\/wp-json\/wp\/v2\/users\/2"}],"replies":[{"embeddable":true,"href":"https:\/\/farbenfee.li\/index.php\/wp-json\/wp\/v2\/comments?post=88"}],"version-history":[{"count":6,"href":"https:\/\/farbenfee.li\/index.php\/wp-json\/wp\/v2\/pages\/88\/revisions"}],"predecessor-version":[{"id":450,"href":"https:\/\/farbenfee.li\/index.php\/wp-json\/wp\/v2\/pages\/88\/revisions\/450"}],"wp:attachment":[{"href":"https:\/\/farbenfee.li\/index.php\/wp-json\/wp\/v2\/media?parent=88"}],"curies":[{"name":"wp","href":"https:\/\/api.w.org\/{rel}","templated":true}]}}