{"id":335,"date":"2019-08-23T13:45:55","date_gmt":"2019-08-23T12:45:55","guid":{"rendered":"https:\/\/farbenfee.datenheld.de\/?page_id=335"},"modified":"2020-01-21T11:55:30","modified_gmt":"2020-01-21T10:55:30","slug":"texte-und-bilder-als-lebenshilfe","status":"publish","type":"page","link":"https:\/\/farbenfee.li\/index.php\/texte-und-bilder-als-lebenshilfe\/","title":{"rendered":"Texte und Bilder als Lebenshilfe"},"content":{"rendered":"<h3 class=\"wp-block-heading\">Geschichten zum Bild schreiben<\/h3><p>Schreiben l\u00f6st Blockaden und regt die Phantasie an.<\/p><p>Warum nicht eine Geschichte zum Bild schreiben?<\/p><hr class=\"wp-block-separator\"\/><h3 class=\"wp-block-heading\">Die Wunderblume<\/h3><div class=\"wp-block-image\"><figure class=\"aligncenter is-resized\"><img loading=\"lazy\" decoding=\"async\" src=\"https:\/\/farbenfee.datenheld.de\/wp-content\/uploads\/2019\/08\/Wunderblume-1024x768.jpg\" alt=\"\" class=\"wp-image-336\" width=\"512\" height=\"384\" srcset=\"https:\/\/farbenfee.li\/wp-content\/uploads\/2019\/08\/Wunderblume-1024x768.jpg 1024w, https:\/\/farbenfee.li\/wp-content\/uploads\/2019\/08\/Wunderblume-300x225.jpg 300w, https:\/\/farbenfee.li\/wp-content\/uploads\/2019\/08\/Wunderblume-768x576.jpg 768w, https:\/\/farbenfee.li\/wp-content\/uploads\/2019\/08\/Wunderblume-416x312.jpg 416w, https:\/\/farbenfee.li\/wp-content\/uploads\/2019\/08\/Wunderblume.jpg 2048w\" sizes=\"auto, (max-width: 512px) 100vw, 512px\" \/><figcaption>Die Wunderblume<\/figcaption><\/figure><\/div><p>Es war einmal ein kleines vertr\u00e4umtes M\u00e4dchen, das in einer grossen, kalten Stadt lebte. Die Leute, die man antraf waren alle stets in Eile und hatten, wenn \u00fcberhaupt,  h\u00f6chstens ein versteinertes, kaltes L\u00e4cheln auf den Lippen. Das M\u00e4dchen sehnte sich nach Geborgenheit und W\u00e4rme, aber niemand hatte Interesse und Zeit.<br> Es war ein feuchter, windiger Herbsttag und das M\u00e4dchen sammelte mit wehenden Haaren, unter einem alten Kastanienbaum, in einem riesigen Park, Kastanien. Als es kurz einmal aufblickte, stand eine in violett gekleidete, alte Frau vor ihm. Es wusste nicht, woher diese Frau pl\u00f6tzlich aufgetaucht war: &#8222;Hab&#8216; keine Angst, Kleine&#8220;, sagte die Frau zum M\u00e4dchen, &#8222;ich m\u00f6chte dir etwas schenken, das dir viel Freude bereiten wird.&#8220; Sie forderte das M\u00e4dchen auf: &#8222;Nimm dies!&#8220;, und streckte ihm einen funkelnden, giftgr\u00fcnen, kugelrunden Samen entgegen. &#8222;Steck den Samen im n\u00e4chsten Fr\u00fchjahr, wenn die ersten Veilchen zum Vorschein kommen, an einem sicheren Ort in die Erde und pflege die daraus entstehende Pflanze mit viel Liebe und Geduld.&#8220; Das M\u00e4dchen konnte sich an dem funkelnden Geschenk kaum satt sehen. Doch als es wieder aufsah, war die violette Frau wieder wie vom Erdboden verschwunden.<br> Das M\u00e4dchen erlebte daraufhin den l\u00e4ngsten Winter, den man sich vorstellen konnte. Es mochte den Tag kaum erwarten, an dem es das erste Veilchen am Parkrand sehen w\u00fcrde. Doch eines Tages war es endlich soweit. Es nahm all seinen Mut zusammen und steckte den kugelrunden, funkelnden Samen an einem, nat\u00fcrlich schon l\u00e4ngst ausgesuchten Ort, in die Erde. Dieses St\u00fcck Erde befand sich an einer lichten Stelle im Park, wo der Rasenm\u00e4her des Parkw\u00e4chters jedoch nicht hingelangte und die Pflanze sicher gut gedeihen w\u00fcrde. Von nun an ging das M\u00e4dchen jeden Tag zu dieser Stelle im Park und goss die Erde. Es sprach dem Samen auch immer wieder gut zu. So verstrich die Zeit. Woche um Woche verflog und das M\u00e4dchen \u00fcbte sich in Geduld. Der Sommer verging, die B\u00e4ume im Park verloren nach und nach ihre Bl\u00e4tter und schon bald stand Weihnachten vor der T\u00fcr. Das M\u00e4dchen vernachl\u00e4ssigte den Samen nicht einen einzigen Tag. Oft gingen hektische Menschen am M\u00e4dchen vorbei und schauten mitleidig und verst\u00e4ndnislos zu ihm hinunter. Doch pl\u00f6tzlich, drei Tage vor Weihnachten, zeigte sich trotz Schnee, Eis und K\u00e4lte ein kleiner, gr\u00fcner Spross an der lichten Stelle im Park. Diese kleine Pflanze liess alles Eis um sich herum schmelzen, sie wuchs und wuchs und wurde immer gr\u00f6sser. Auf einmal zeigte sich eine grosse Knospe an der Spitze des gr\u00fcnen Stengels. Und oh, welch Wunder! Genau am Weihnachtstage, entfaltete sich eine wundersch\u00f6ne, orange funkelnde Bl\u00fcte. Die Leute blieben mit grossen Augen und offenem Mund im Park stehen und begriffen nicht, was da vor sich ging. Der B\u00fcrgermeister der Stadt kam sogar h\u00f6chstpers\u00f6nlich zum kleinen M\u00e4dchen und wollte alles genau wissen \u00fcber diese eigenartige Blume. Ebenso kamen Leute vom Radio, von der Zeitung und vom Fernsehen. Ja, sogar Forscher besuchten die Stadt und befragten das kleine M\u00e4dchen. Das Bild der Blume ging um die ganze Welt. Die Menschen der Stadt begannen sich \u00fcber diese Kostbarkeit zu freuen und schafften es endlich, ihre wahre Freude zu zeigen. Sie lachten und scherzten und fanden pl\u00f6tzlich Zeit f\u00fcreinander. Sie waren stolz auf das kleine M\u00e4dchen, denn es allein hatte es geschafft, der gew\u00f6hnlichen Stadt und den gew\u00f6hnlichen Menschen etwas zu schenken, das nicht nur das Eis im Park, sondern auch das Eis in den Herzen der Menschen zu schmelzen vermochte. Das kleine M\u00e4dchen k\u00fcmmerte sich noch manches Jahr um die Wunderblume und jeden Herbst, wenn die Kastanien reiften, ging es mit besonderer Aufmerksamkeit durch den Park. Doch die violette Frau zeigte sich nie wieder. <\/p><hr class=\"wp-block-separator\"\/><h3 class=\"wp-block-heading\">Bildertagebuch<\/h3><div class=\"wp-block-image\"><figure class=\"aligncenter is-resized\"><img loading=\"lazy\" decoding=\"async\" src=\"https:\/\/farbenfee.datenheld.de\/wp-content\/uploads\/2019\/08\/Bildertagebuch-686x1024.jpg\" alt=\"\" class=\"wp-image-337\" width=\"343\" height=\"512\" srcset=\"https:\/\/farbenfee.li\/wp-content\/uploads\/2019\/08\/Bildertagebuch-686x1024.jpg 686w, https:\/\/farbenfee.li\/wp-content\/uploads\/2019\/08\/Bildertagebuch-201x300.jpg 201w, https:\/\/farbenfee.li\/wp-content\/uploads\/2019\/08\/Bildertagebuch-768x1147.jpg 768w, https:\/\/farbenfee.li\/wp-content\/uploads\/2019\/08\/Bildertagebuch-416x621.jpg 416w, https:\/\/farbenfee.li\/wp-content\/uploads\/2019\/08\/Bildertagebuch.jpg 1050w\" sizes=\"auto, (max-width: 343px) 100vw, 343px\" \/><figcaption>Bildertagebuch<\/figcaption><\/figure><\/div><p>In schwierigen Lebenssituationen sind Standortbestimmungen hilfreich um weiterzukommen. <\/p><p>Warum nicht mal ein Bildertagebuch mit Text f\u00fchren?<\/p>","protected":false},"excerpt":{"rendered":"<p>Geschichten zum Bild schreiben Schreiben l\u00f6st Blockaden und regt die Phantasie an. Warum nicht eine Geschichte zum Bild schreiben? Die Wunderblume Es war einmal ein kleines vertr\u00e4umtes M\u00e4dchen, das in einer grossen, kalten Stadt lebte. Die Leute, die man antraf waren alle stets in Eile und hatten, wenn \u00fcberhaupt, h\u00f6chstens ein versteinertes, kaltes L\u00e4cheln auf [&hellip;]<\/p>\n","protected":false},"author":2,"featured_media":0,"parent":0,"menu_order":0,"comment_status":"closed","ping_status":"closed","template":"","meta":{"footnotes":""},"class_list":["post-335","page","type-page","status-publish","hentry"],"yoast_head":"<!-- This site is optimized with the Yoast SEO plugin v23.5 - https:\/\/yoast.com\/wordpress\/plugins\/seo\/ -->\n<title>Texte und Bilder als Lebenshilfe - Farbenfee.li<\/title>\n<meta name=\"robots\" content=\"index, follow, max-snippet:-1, max-image-preview:large, max-video-preview:-1\" \/>\n<link rel=\"canonical\" href=\"https:\/\/farbenfee.li\/index.php\/texte-und-bilder-als-lebenshilfe\/\" \/>\n<meta property=\"og:locale\" content=\"de_DE\" \/>\n<meta property=\"og:type\" content=\"article\" \/>\n<meta property=\"og:title\" content=\"Texte und Bilder als Lebenshilfe - Farbenfee.li\" \/>\n<meta property=\"og:description\" content=\"Geschichten zum Bild schreiben Schreiben l\u00f6st Blockaden und regt die Phantasie an. Warum nicht eine Geschichte zum Bild schreiben? Die Wunderblume Es war einmal ein kleines vertr\u00e4umtes M\u00e4dchen, das in einer grossen, kalten Stadt lebte. Die Leute, die man antraf waren alle stets in Eile und hatten, wenn \u00fcberhaupt, h\u00f6chstens ein versteinertes, kaltes L\u00e4cheln auf [&hellip;]\" \/>\n<meta property=\"og:url\" content=\"https:\/\/farbenfee.li\/index.php\/texte-und-bilder-als-lebenshilfe\/\" \/>\n<meta property=\"og:site_name\" content=\"Farbenfee.li\" \/>\n<meta property=\"article:modified_time\" content=\"2020-01-21T10:55:30+00:00\" \/>\n<meta property=\"og:image\" content=\"https:\/\/farbenfee.datenheld.de\/wp-content\/uploads\/2019\/08\/Wunderblume-1024x768.jpg\" \/>\n<meta name=\"twitter:card\" content=\"summary_large_image\" \/>\n<meta name=\"twitter:label1\" content=\"Gesch\u00e4tzte Lesezeit\" \/>\n\t<meta name=\"twitter:data1\" content=\"3\u00a0Minuten\" \/>\n<script type=\"application\/ld+json\" class=\"yoast-schema-graph\">{\"@context\":\"https:\/\/schema.org\",\"@graph\":[{\"@type\":\"WebPage\",\"@id\":\"https:\/\/farbenfee.li\/index.php\/texte-und-bilder-als-lebenshilfe\/\",\"url\":\"https:\/\/farbenfee.li\/index.php\/texte-und-bilder-als-lebenshilfe\/\",\"name\":\"Texte und Bilder als Lebenshilfe - Farbenfee.li\",\"isPartOf\":{\"@id\":\"https:\/\/farbenfee.li\/#website\"},\"primaryImageOfPage\":{\"@id\":\"https:\/\/farbenfee.li\/index.php\/texte-und-bilder-als-lebenshilfe\/#primaryimage\"},\"image\":{\"@id\":\"https:\/\/farbenfee.li\/index.php\/texte-und-bilder-als-lebenshilfe\/#primaryimage\"},\"thumbnailUrl\":\"https:\/\/farbenfee.datenheld.de\/wp-content\/uploads\/2019\/08\/Wunderblume-1024x768.jpg\",\"datePublished\":\"2019-08-23T12:45:55+00:00\",\"dateModified\":\"2020-01-21T10:55:30+00:00\",\"breadcrumb\":{\"@id\":\"https:\/\/farbenfee.li\/index.php\/texte-und-bilder-als-lebenshilfe\/#breadcrumb\"},\"inLanguage\":\"de\",\"potentialAction\":[{\"@type\":\"ReadAction\",\"target\":[\"https:\/\/farbenfee.li\/index.php\/texte-und-bilder-als-lebenshilfe\/\"]}]},{\"@type\":\"ImageObject\",\"inLanguage\":\"de\",\"@id\":\"https:\/\/farbenfee.li\/index.php\/texte-und-bilder-als-lebenshilfe\/#primaryimage\",\"url\":\"https:\/\/farbenfee.datenheld.de\/wp-content\/uploads\/2019\/08\/Wunderblume-1024x768.jpg\",\"contentUrl\":\"https:\/\/farbenfee.datenheld.de\/wp-content\/uploads\/2019\/08\/Wunderblume-1024x768.jpg\"},{\"@type\":\"BreadcrumbList\",\"@id\":\"https:\/\/farbenfee.li\/index.php\/texte-und-bilder-als-lebenshilfe\/#breadcrumb\",\"itemListElement\":[{\"@type\":\"ListItem\",\"position\":1,\"name\":\"Home\",\"item\":\"https:\/\/farbenfee.li\/\"},{\"@type\":\"ListItem\",\"position\":2,\"name\":\"Texte und Bilder als Lebenshilfe\"}]},{\"@type\":\"WebSite\",\"@id\":\"https:\/\/farbenfee.li\/#website\",\"url\":\"https:\/\/farbenfee.li\/\",\"name\":\"Farbenfee.li\",\"description\":\"Kunst-, Mal- und Gestaltungstherapie; Malp\u00e4dagogik\",\"publisher\":{\"@id\":\"https:\/\/farbenfee.li\/#organization\"},\"potentialAction\":[{\"@type\":\"SearchAction\",\"target\":{\"@type\":\"EntryPoint\",\"urlTemplate\":\"https:\/\/farbenfee.li\/?s={search_term_string}\"},\"query-input\":{\"@type\":\"PropertyValueSpecification\",\"valueRequired\":true,\"valueName\":\"search_term_string\"}}],\"inLanguage\":\"de\"},{\"@type\":\"Organization\",\"@id\":\"https:\/\/farbenfee.li\/#organization\",\"name\":\"Farbenfee\",\"url\":\"https:\/\/farbenfee.li\/\",\"logo\":{\"@type\":\"ImageObject\",\"inLanguage\":\"de\",\"@id\":\"https:\/\/farbenfee.li\/#\/schema\/logo\/image\/\",\"url\":\"https:\/\/farbenfee.li\/wp-content\/uploads\/2019\/08\/Wunderblume.jpg\",\"contentUrl\":\"https:\/\/farbenfee.li\/wp-content\/uploads\/2019\/08\/Wunderblume.jpg\",\"width\":2048,\"height\":1536,\"caption\":\"Farbenfee\"},\"image\":{\"@id\":\"https:\/\/farbenfee.li\/#\/schema\/logo\/image\/\"}}]}<\/script>\n<!-- \/ Yoast SEO plugin. -->","yoast_head_json":{"title":"Texte und Bilder als Lebenshilfe - Farbenfee.li","robots":{"index":"index","follow":"follow","max-snippet":"max-snippet:-1","max-image-preview":"max-image-preview:large","max-video-preview":"max-video-preview:-1"},"canonical":"https:\/\/farbenfee.li\/index.php\/texte-und-bilder-als-lebenshilfe\/","og_locale":"de_DE","og_type":"article","og_title":"Texte und Bilder als Lebenshilfe - Farbenfee.li","og_description":"Geschichten zum Bild schreiben Schreiben l\u00f6st Blockaden und regt die Phantasie an. Warum nicht eine Geschichte zum Bild schreiben? Die Wunderblume Es war einmal ein kleines vertr\u00e4umtes M\u00e4dchen, das in einer grossen, kalten Stadt lebte. Die Leute, die man antraf waren alle stets in Eile und hatten, wenn \u00fcberhaupt, h\u00f6chstens ein versteinertes, kaltes L\u00e4cheln auf [&hellip;]","og_url":"https:\/\/farbenfee.li\/index.php\/texte-und-bilder-als-lebenshilfe\/","og_site_name":"Farbenfee.li","article_modified_time":"2020-01-21T10:55:30+00:00","og_image":[{"url":"https:\/\/farbenfee.datenheld.de\/wp-content\/uploads\/2019\/08\/Wunderblume-1024x768.jpg"}],"twitter_card":"summary_large_image","twitter_misc":{"Gesch\u00e4tzte Lesezeit":"3\u00a0Minuten"},"schema":{"@context":"https:\/\/schema.org","@graph":[{"@type":"WebPage","@id":"https:\/\/farbenfee.li\/index.php\/texte-und-bilder-als-lebenshilfe\/","url":"https:\/\/farbenfee.li\/index.php\/texte-und-bilder-als-lebenshilfe\/","name":"Texte und Bilder als Lebenshilfe - Farbenfee.li","isPartOf":{"@id":"https:\/\/farbenfee.li\/#website"},"primaryImageOfPage":{"@id":"https:\/\/farbenfee.li\/index.php\/texte-und-bilder-als-lebenshilfe\/#primaryimage"},"image":{"@id":"https:\/\/farbenfee.li\/index.php\/texte-und-bilder-als-lebenshilfe\/#primaryimage"},"thumbnailUrl":"https:\/\/farbenfee.datenheld.de\/wp-content\/uploads\/2019\/08\/Wunderblume-1024x768.jpg","datePublished":"2019-08-23T12:45:55+00:00","dateModified":"2020-01-21T10:55:30+00:00","breadcrumb":{"@id":"https:\/\/farbenfee.li\/index.php\/texte-und-bilder-als-lebenshilfe\/#breadcrumb"},"inLanguage":"de","potentialAction":[{"@type":"ReadAction","target":["https:\/\/farbenfee.li\/index.php\/texte-und-bilder-als-lebenshilfe\/"]}]},{"@type":"ImageObject","inLanguage":"de","@id":"https:\/\/farbenfee.li\/index.php\/texte-und-bilder-als-lebenshilfe\/#primaryimage","url":"https:\/\/farbenfee.datenheld.de\/wp-content\/uploads\/2019\/08\/Wunderblume-1024x768.jpg","contentUrl":"https:\/\/farbenfee.datenheld.de\/wp-content\/uploads\/2019\/08\/Wunderblume-1024x768.jpg"},{"@type":"BreadcrumbList","@id":"https:\/\/farbenfee.li\/index.php\/texte-und-bilder-als-lebenshilfe\/#breadcrumb","itemListElement":[{"@type":"ListItem","position":1,"name":"Home","item":"https:\/\/farbenfee.li\/"},{"@type":"ListItem","position":2,"name":"Texte und Bilder als Lebenshilfe"}]},{"@type":"WebSite","@id":"https:\/\/farbenfee.li\/#website","url":"https:\/\/farbenfee.li\/","name":"Farbenfee.li","description":"Kunst-, Mal- und Gestaltungstherapie; Malp\u00e4dagogik","publisher":{"@id":"https:\/\/farbenfee.li\/#organization"},"potentialAction":[{"@type":"SearchAction","target":{"@type":"EntryPoint","urlTemplate":"https:\/\/farbenfee.li\/?s={search_term_string}"},"query-input":{"@type":"PropertyValueSpecification","valueRequired":true,"valueName":"search_term_string"}}],"inLanguage":"de"},{"@type":"Organization","@id":"https:\/\/farbenfee.li\/#organization","name":"Farbenfee","url":"https:\/\/farbenfee.li\/","logo":{"@type":"ImageObject","inLanguage":"de","@id":"https:\/\/farbenfee.li\/#\/schema\/logo\/image\/","url":"https:\/\/farbenfee.li\/wp-content\/uploads\/2019\/08\/Wunderblume.jpg","contentUrl":"https:\/\/farbenfee.li\/wp-content\/uploads\/2019\/08\/Wunderblume.jpg","width":2048,"height":1536,"caption":"Farbenfee"},"image":{"@id":"https:\/\/farbenfee.li\/#\/schema\/logo\/image\/"}}]}},"_links":{"self":[{"href":"https:\/\/farbenfee.li\/index.php\/wp-json\/wp\/v2\/pages\/335","targetHints":{"allow":["GET"]}}],"collection":[{"href":"https:\/\/farbenfee.li\/index.php\/wp-json\/wp\/v2\/pages"}],"about":[{"href":"https:\/\/farbenfee.li\/index.php\/wp-json\/wp\/v2\/types\/page"}],"author":[{"embeddable":true,"href":"https:\/\/farbenfee.li\/index.php\/wp-json\/wp\/v2\/users\/2"}],"replies":[{"embeddable":true,"href":"https:\/\/farbenfee.li\/index.php\/wp-json\/wp\/v2\/comments?post=335"}],"version-history":[{"count":2,"href":"https:\/\/farbenfee.li\/index.php\/wp-json\/wp\/v2\/pages\/335\/revisions"}],"predecessor-version":[{"id":513,"href":"https:\/\/farbenfee.li\/index.php\/wp-json\/wp\/v2\/pages\/335\/revisions\/513"}],"wp:attachment":[{"href":"https:\/\/farbenfee.li\/index.php\/wp-json\/wp\/v2\/media?parent=335"}],"curies":[{"name":"wp","href":"https:\/\/api.w.org\/{rel}","templated":true}]}}