{"id":189,"date":"2019-04-10T14:13:44","date_gmt":"2019-04-10T13:13:44","guid":{"rendered":"https:\/\/farbenfee.datenheld.de\/?page_id=189"},"modified":"2020-10-30T13:29:43","modified_gmt":"2020-10-30T12:29:43","slug":"ueber-mich","status":"publish","type":"page","link":"https:\/\/farbenfee.li\/index.php\/ueber-mich\/","title":{"rendered":"\u00dcber mich"},"content":{"rendered":"<div class=\"wp-block-image\"><figure class=\"aligncenter size-large is-resized\"><img loading=\"lazy\" decoding=\"async\" src=\"https:\/\/farbenfee.li\/wp-content\/uploads\/2020\/10\/Beatrice_Alt-768x432-1.jpg\" alt=\"\" class=\"wp-image-642\" width=\"490\" height=\"274\" srcset=\"https:\/\/farbenfee.li\/wp-content\/uploads\/2020\/10\/Beatrice_Alt-768x432-1-300x169.jpg 300w, https:\/\/farbenfee.li\/wp-content\/uploads\/2020\/10\/Beatrice_Alt-768x432-1-416x234.jpg 416w\" sizes=\"auto, (max-width: 490px) 100vw, 490px\" \/><\/figure><\/div><p>B\u00e9atrice Alt, geboren 1960, verheiratet, 4 erwachsene Kinder.<\/p><p style=\"font-size:18px\">Aus- und Weiterbildung:<\/p><figure class=\"wp-block-table norm-tabelle\"><table><tbody><tr><td>1978&nbsp;&#8211;&nbsp;1984<\/td><td>Ausbildung zur Primarschullehrerin<\/td><\/tr><tr><td>2012 &#8211; 2014<\/td><td>Ausbildung zur Mal-und Gestaltungstherapeutin, Diplom als Malp\u00e4dagogin<\/td><\/tr><tr><td>2013 &#8211; 2015<\/td><td>Ausbildung zur Kunsttherapeutin, Diplom als Kunsttherapeutin<\/td><\/tr><tr><td>2015 &#8211; 2016<\/td><td>Weiterbildung in kunsttherapeutischer Diagnostik f\u00fcr psychische Krankheiten, Interventionsm\u00f6glichkeiten und k\u00fcnstlerische Techniken<\/td><\/tr><tr><td>2017 &#8211;<\/td><td>Weiterausbildung in Sprachen Tigrinya und Arabisch<\/td><\/tr><tr><td>2017 &#8211;<\/td><td>Weiterausbildung in Traumatherapie mit kreativer Maltherapie<\/td><\/tr><tr><td>___________<\/td><td><\/td><\/tr><\/tbody><\/table><\/figure><p style=\"font-size:18px\">Berufliche T\u00e4tigkeiten:<\/p><figure class=\"wp-block-table norm-tabelle\"><table><tbody><tr><td>1984&nbsp;&#8211;&nbsp;1986<\/td><td>Diverse Stellvertretungen als Primarlehrerin, Spitallehrerin in der Kinderklinik des Inselspitals Bern<\/td><\/tr><tr><td>1986 &#8211; 1990<\/td><td>Klassenlehrerin 3.\/4.Klasse in der Agglomeration Bern<\/td><\/tr><tr><td>1998 &#8211; 2016<\/td><td>Nachhilfeunterricht f\u00fcr Kinder und Jugendliche (1.-9.Klasse)<\/td><\/tr><tr><td>2016<\/td><td>Praktikum an der Psychiatrischen Klinik in Solothurn, Abteilung Angst und Depression\/Mal-und Gestaltungstherapie<\/td><\/tr><tr><td>2016 &#8211;<\/td><td>Arbeit als Lehrerin f\u00fcr asylsuchende Kinder in Solothurn<\/td><\/tr><tr><td>2020 &#8211;<\/td><td>Arbeit als Kunsttherapeutin (Gruppen-Psychoedukation) in Solothurn<\/td><\/tr><tr><td>___________<\/td><td><\/td><\/tr><\/tbody><\/table><\/figure><p style=\"font-size:18px\">Freizeit:<\/p><figure class=\"wp-block-table\"><table><tbody><tr><td class=\"has-text-align-left\" data-align=\"left\">Familie, Natur und Garten, Kunst, Musik, Reisen, Motorradfahren<\/td><\/tr><\/tbody><\/table><\/figure><p><\/p>","protected":false},"excerpt":{"rendered":"<p>B\u00e9atrice Alt, geboren 1960, verheiratet, 4 erwachsene Kinder. Aus- und Weiterbildung: 1978&nbsp;&#8211;&nbsp;1984 Ausbildung zur Primarschullehrerin 2012 &#8211; 2014 Ausbildung zur Mal-und Gestaltungstherapeutin, Diplom als Malp\u00e4dagogin 2013 &#8211; 2015 Ausbildung zur Kunsttherapeutin, Diplom als Kunsttherapeutin 2015 &#8211; 2016 Weiterbildung in kunsttherapeutischer Diagnostik f\u00fcr psychische Krankheiten, Interventionsm\u00f6glichkeiten und k\u00fcnstlerische Techniken 2017 &#8211; Weiterausbildung in Sprachen Tigrinya und [&hellip;]<\/p>\n","protected":false},"author":2,"featured_media":0,"parent":0,"menu_order":0,"comment_status":"closed","ping_status":"closed","template":"","meta":{"footnotes":""},"class_list":["post-189","page","type-page","status-publish","hentry"],"yoast_head":"<!-- This site is optimized with the Yoast SEO plugin v23.5 - https:\/\/yoast.com\/wordpress\/plugins\/seo\/ -->\n<title>\u00dcber mich - Farbenfee.li<\/title>\n<meta name=\"robots\" content=\"index, follow, max-snippet:-1, max-image-preview:large, max-video-preview:-1\" \/>\n<link rel=\"canonical\" href=\"https:\/\/farbenfee.li\/index.php\/ueber-mich\/\" \/>\n<meta property=\"og:locale\" content=\"de_DE\" \/>\n<meta property=\"og:type\" content=\"article\" \/>\n<meta property=\"og:title\" content=\"\u00dcber mich - Farbenfee.li\" \/>\n<meta property=\"og:description\" content=\"B\u00e9atrice Alt, geboren 1960, verheiratet, 4 erwachsene Kinder. Aus- und Weiterbildung: 1978&nbsp;&#8211;&nbsp;1984 Ausbildung zur Primarschullehrerin 2012 &#8211; 2014 Ausbildung zur Mal-und Gestaltungstherapeutin, Diplom als Malp\u00e4dagogin 2013 &#8211; 2015 Ausbildung zur Kunsttherapeutin, Diplom als Kunsttherapeutin 2015 &#8211; 2016 Weiterbildung in kunsttherapeutischer Diagnostik f\u00fcr psychische Krankheiten, Interventionsm\u00f6glichkeiten und k\u00fcnstlerische Techniken 2017 &#8211; Weiterausbildung in Sprachen Tigrinya und [&hellip;]\" \/>\n<meta property=\"og:url\" content=\"https:\/\/farbenfee.li\/index.php\/ueber-mich\/\" \/>\n<meta property=\"og:site_name\" content=\"Farbenfee.li\" \/>\n<meta property=\"article:modified_time\" content=\"2020-10-30T12:29:43+00:00\" \/>\n<meta property=\"og:image\" content=\"https:\/\/farbenfee.li\/wp-content\/uploads\/2020\/10\/Beatrice_Alt-768x432-1.jpg\" \/>\n<meta name=\"twitter:card\" content=\"summary_large_image\" \/>\n<meta name=\"twitter:label1\" content=\"Gesch\u00e4tzte Lesezeit\" \/>\n\t<meta name=\"twitter:data1\" content=\"1\u00a0Minute\" \/>\n<script type=\"application\/ld+json\" class=\"yoast-schema-graph\">{\"@context\":\"https:\/\/schema.org\",\"@graph\":[{\"@type\":\"WebPage\",\"@id\":\"https:\/\/farbenfee.li\/index.php\/ueber-mich\/\",\"url\":\"https:\/\/farbenfee.li\/index.php\/ueber-mich\/\",\"name\":\"\u00dcber mich - Farbenfee.li\",\"isPartOf\":{\"@id\":\"https:\/\/farbenfee.li\/#website\"},\"primaryImageOfPage\":{\"@id\":\"https:\/\/farbenfee.li\/index.php\/ueber-mich\/#primaryimage\"},\"image\":{\"@id\":\"https:\/\/farbenfee.li\/index.php\/ueber-mich\/#primaryimage\"},\"thumbnailUrl\":\"https:\/\/farbenfee.li\/wp-content\/uploads\/2020\/10\/Beatrice_Alt-768x432-1.jpg\",\"datePublished\":\"2019-04-10T13:13:44+00:00\",\"dateModified\":\"2020-10-30T12:29:43+00:00\",\"breadcrumb\":{\"@id\":\"https:\/\/farbenfee.li\/index.php\/ueber-mich\/#breadcrumb\"},\"inLanguage\":\"de\",\"potentialAction\":[{\"@type\":\"ReadAction\",\"target\":[\"https:\/\/farbenfee.li\/index.php\/ueber-mich\/\"]}]},{\"@type\":\"ImageObject\",\"inLanguage\":\"de\",\"@id\":\"https:\/\/farbenfee.li\/index.php\/ueber-mich\/#primaryimage\",\"url\":\"https:\/\/farbenfee.li\/wp-content\/uploads\/2020\/10\/Beatrice_Alt-768x432-1.jpg\",\"contentUrl\":\"https:\/\/farbenfee.li\/wp-content\/uploads\/2020\/10\/Beatrice_Alt-768x432-1.jpg\",\"width\":768,\"height\":432},{\"@type\":\"BreadcrumbList\",\"@id\":\"https:\/\/farbenfee.li\/index.php\/ueber-mich\/#breadcrumb\",\"itemListElement\":[{\"@type\":\"ListItem\",\"position\":1,\"name\":\"Home\",\"item\":\"https:\/\/farbenfee.li\/\"},{\"@type\":\"ListItem\",\"position\":2,\"name\":\"\u00dcber mich\"}]},{\"@type\":\"WebSite\",\"@id\":\"https:\/\/farbenfee.li\/#website\",\"url\":\"https:\/\/farbenfee.li\/\",\"name\":\"Farbenfee.li\",\"description\":\"Kunst-, Mal- und Gestaltungstherapie; Malp\u00e4dagogik\",\"publisher\":{\"@id\":\"https:\/\/farbenfee.li\/#organization\"},\"potentialAction\":[{\"@type\":\"SearchAction\",\"target\":{\"@type\":\"EntryPoint\",\"urlTemplate\":\"https:\/\/farbenfee.li\/?s={search_term_string}\"},\"query-input\":{\"@type\":\"PropertyValueSpecification\",\"valueRequired\":true,\"valueName\":\"search_term_string\"}}],\"inLanguage\":\"de\"},{\"@type\":\"Organization\",\"@id\":\"https:\/\/farbenfee.li\/#organization\",\"name\":\"Farbenfee\",\"url\":\"https:\/\/farbenfee.li\/\",\"logo\":{\"@type\":\"ImageObject\",\"inLanguage\":\"de\",\"@id\":\"https:\/\/farbenfee.li\/#\/schema\/logo\/image\/\",\"url\":\"https:\/\/farbenfee.li\/wp-content\/uploads\/2019\/08\/Wunderblume.jpg\",\"contentUrl\":\"https:\/\/farbenfee.li\/wp-content\/uploads\/2019\/08\/Wunderblume.jpg\",\"width\":2048,\"height\":1536,\"caption\":\"Farbenfee\"},\"image\":{\"@id\":\"https:\/\/farbenfee.li\/#\/schema\/logo\/image\/\"}}]}<\/script>\n<!-- \/ Yoast SEO plugin. -->","yoast_head_json":{"title":"\u00dcber mich - Farbenfee.li","robots":{"index":"index","follow":"follow","max-snippet":"max-snippet:-1","max-image-preview":"max-image-preview:large","max-video-preview":"max-video-preview:-1"},"canonical":"https:\/\/farbenfee.li\/index.php\/ueber-mich\/","og_locale":"de_DE","og_type":"article","og_title":"\u00dcber mich - Farbenfee.li","og_description":"B\u00e9atrice Alt, geboren 1960, verheiratet, 4 erwachsene Kinder. Aus- und Weiterbildung: 1978&nbsp;&#8211;&nbsp;1984 Ausbildung zur Primarschullehrerin 2012 &#8211; 2014 Ausbildung zur Mal-und Gestaltungstherapeutin, Diplom als Malp\u00e4dagogin 2013 &#8211; 2015 Ausbildung zur Kunsttherapeutin, Diplom als Kunsttherapeutin 2015 &#8211; 2016 Weiterbildung in kunsttherapeutischer Diagnostik f\u00fcr psychische Krankheiten, Interventionsm\u00f6glichkeiten und k\u00fcnstlerische Techniken 2017 &#8211; Weiterausbildung in Sprachen Tigrinya und [&hellip;]","og_url":"https:\/\/farbenfee.li\/index.php\/ueber-mich\/","og_site_name":"Farbenfee.li","article_modified_time":"2020-10-30T12:29:43+00:00","og_image":[{"url":"https:\/\/farbenfee.li\/wp-content\/uploads\/2020\/10\/Beatrice_Alt-768x432-1.jpg"}],"twitter_card":"summary_large_image","twitter_misc":{"Gesch\u00e4tzte Lesezeit":"1\u00a0Minute"},"schema":{"@context":"https:\/\/schema.org","@graph":[{"@type":"WebPage","@id":"https:\/\/farbenfee.li\/index.php\/ueber-mich\/","url":"https:\/\/farbenfee.li\/index.php\/ueber-mich\/","name":"\u00dcber mich - Farbenfee.li","isPartOf":{"@id":"https:\/\/farbenfee.li\/#website"},"primaryImageOfPage":{"@id":"https:\/\/farbenfee.li\/index.php\/ueber-mich\/#primaryimage"},"image":{"@id":"https:\/\/farbenfee.li\/index.php\/ueber-mich\/#primaryimage"},"thumbnailUrl":"https:\/\/farbenfee.li\/wp-content\/uploads\/2020\/10\/Beatrice_Alt-768x432-1.jpg","datePublished":"2019-04-10T13:13:44+00:00","dateModified":"2020-10-30T12:29:43+00:00","breadcrumb":{"@id":"https:\/\/farbenfee.li\/index.php\/ueber-mich\/#breadcrumb"},"inLanguage":"de","potentialAction":[{"@type":"ReadAction","target":["https:\/\/farbenfee.li\/index.php\/ueber-mich\/"]}]},{"@type":"ImageObject","inLanguage":"de","@id":"https:\/\/farbenfee.li\/index.php\/ueber-mich\/#primaryimage","url":"https:\/\/farbenfee.li\/wp-content\/uploads\/2020\/10\/Beatrice_Alt-768x432-1.jpg","contentUrl":"https:\/\/farbenfee.li\/wp-content\/uploads\/2020\/10\/Beatrice_Alt-768x432-1.jpg","width":768,"height":432},{"@type":"BreadcrumbList","@id":"https:\/\/farbenfee.li\/index.php\/ueber-mich\/#breadcrumb","itemListElement":[{"@type":"ListItem","position":1,"name":"Home","item":"https:\/\/farbenfee.li\/"},{"@type":"ListItem","position":2,"name":"\u00dcber mich"}]},{"@type":"WebSite","@id":"https:\/\/farbenfee.li\/#website","url":"https:\/\/farbenfee.li\/","name":"Farbenfee.li","description":"Kunst-, Mal- und Gestaltungstherapie; Malp\u00e4dagogik","publisher":{"@id":"https:\/\/farbenfee.li\/#organization"},"potentialAction":[{"@type":"SearchAction","target":{"@type":"EntryPoint","urlTemplate":"https:\/\/farbenfee.li\/?s={search_term_string}"},"query-input":{"@type":"PropertyValueSpecification","valueRequired":true,"valueName":"search_term_string"}}],"inLanguage":"de"},{"@type":"Organization","@id":"https:\/\/farbenfee.li\/#organization","name":"Farbenfee","url":"https:\/\/farbenfee.li\/","logo":{"@type":"ImageObject","inLanguage":"de","@id":"https:\/\/farbenfee.li\/#\/schema\/logo\/image\/","url":"https:\/\/farbenfee.li\/wp-content\/uploads\/2019\/08\/Wunderblume.jpg","contentUrl":"https:\/\/farbenfee.li\/wp-content\/uploads\/2019\/08\/Wunderblume.jpg","width":2048,"height":1536,"caption":"Farbenfee"},"image":{"@id":"https:\/\/farbenfee.li\/#\/schema\/logo\/image\/"}}]}},"_links":{"self":[{"href":"https:\/\/farbenfee.li\/index.php\/wp-json\/wp\/v2\/pages\/189","targetHints":{"allow":["GET"]}}],"collection":[{"href":"https:\/\/farbenfee.li\/index.php\/wp-json\/wp\/v2\/pages"}],"about":[{"href":"https:\/\/farbenfee.li\/index.php\/wp-json\/wp\/v2\/types\/page"}],"author":[{"embeddable":true,"href":"https:\/\/farbenfee.li\/index.php\/wp-json\/wp\/v2\/users\/2"}],"replies":[{"embeddable":true,"href":"https:\/\/farbenfee.li\/index.php\/wp-json\/wp\/v2\/comments?post=189"}],"version-history":[{"count":15,"href":"https:\/\/farbenfee.li\/index.php\/wp-json\/wp\/v2\/pages\/189\/revisions"}],"predecessor-version":[{"id":645,"href":"https:\/\/farbenfee.li\/index.php\/wp-json\/wp\/v2\/pages\/189\/revisions\/645"}],"wp:attachment":[{"href":"https:\/\/farbenfee.li\/index.php\/wp-json\/wp\/v2\/media?parent=189"}],"curies":[{"name":"wp","href":"https:\/\/api.w.org\/{rel}","templated":true}]}}