{"id":104,"date":"2019-03-07T12:19:34","date_gmt":"2019-03-07T12:19:34","guid":{"rendered":"https:\/\/farbenfee.datenheld.de\/index.php\/impressum\/"},"modified":"2019-12-18T16:14:55","modified_gmt":"2019-12-18T15:14:55","slug":"impressum","status":"publish","type":"page","link":"https:\/\/farbenfee.li\/index.php\/impressum\/","title":{"rendered":"Impressum"},"content":{"rendered":"<p class=\"p1\"><span class=\"s1\">Verantwortlich f\u00fcr den Inhalt dieser Seite ist im Sinne des Mediengesetzes:<\/span><\/p>\n<p class=\"p1\"><span class=\"s1\">B\u00e9atrice Alt<br \/>CH-2553 Safnern<br \/><\/span><\/p>\n<p class=\"p2\"><span class=\"s2\"><a href=\"mailto:info@farbenfee.li\">info@farbenfee.li<\/a><\/span><\/p>\n<p class=\"p4\"><span class=\"s1\">F\u00fcr die Inhalte der Webseiten Dritter, welche mittels Hyperlink aufgerufen werden k\u00f6nnen, \u00fcbernimmt der Betreiber keine Verantwortung. Unter <a href=\"https:\/\/www.xt500.org\/links.html\"><span class=\"s3\">Links<\/span><\/a> sind Links zu anderen Seiten im Internet gelegt.<\/span><\/p>\n<p class=\"p4\"><span class=\"s1\">F\u00fcr alle diese Links gilt:<br \/>Der Betreiber erkl\u00e4rt ausdr\u00fccklich, dass er keinen Einfluss auf die Gestaltung und die Inhalte der gelinkten Seiten hat. Deshalb distanziert sich der Betreiber hiermit ausdr\u00fccklich von allen Inhalten aller gelinkten Seiten dieser Internetpr\u00e4senz und macht sich deren Inhalte nicht zu eigen. Ausserdem \u00fcbernimmt er keine Haftung f\u00fcr die auf diesen Seiten zur Verf\u00fcgung gestellte bzw. gelinkte Software und s\u00e4mtliche andere Materialien. F\u00fcr den Inhalt zeichnet der jeweilige Betreiber verantwortlich.<\/span><\/p><p><\/p>","protected":false},"excerpt":{"rendered":"<p>Verantwortlich f\u00fcr den Inhalt dieser Seite ist im Sinne des Mediengesetzes: B\u00e9atrice AltCH-2553 Safnern info@farbenfee.li F\u00fcr die Inhalte der Webseiten Dritter, welche mittels Hyperlink aufgerufen werden k\u00f6nnen, \u00fcbernimmt der Betreiber keine Verantwortung. Unter Links sind Links zu anderen Seiten im Internet gelegt. F\u00fcr alle diese Links gilt:Der Betreiber erkl\u00e4rt ausdr\u00fccklich, dass er keinen Einfluss auf [&hellip;]<\/p>\n","protected":false},"author":2,"featured_media":0,"parent":0,"menu_order":0,"comment_status":"closed","ping_status":"closed","template":"","meta":{"footnotes":""},"class_list":["post-104","page","type-page","status-publish","hentry"],"yoast_head":"<!-- This site is optimized with the Yoast SEO plugin v23.5 - https:\/\/yoast.com\/wordpress\/plugins\/seo\/ -->\n<title>Impressum - Farbenfee.li<\/title>\n<meta name=\"robots\" content=\"index, follow, max-snippet:-1, max-image-preview:large, max-video-preview:-1\" \/>\n<link rel=\"canonical\" href=\"https:\/\/farbenfee.li\/index.php\/impressum\/\" \/>\n<meta property=\"og:locale\" content=\"de_DE\" \/>\n<meta property=\"og:type\" content=\"article\" \/>\n<meta property=\"og:title\" content=\"Impressum - Farbenfee.li\" \/>\n<meta property=\"og:description\" content=\"Verantwortlich f\u00fcr den Inhalt dieser Seite ist im Sinne des Mediengesetzes: B\u00e9atrice AltCH-2553 Safnern info@farbenfee.li F\u00fcr die Inhalte der Webseiten Dritter, welche mittels Hyperlink aufgerufen werden k\u00f6nnen, \u00fcbernimmt der Betreiber keine Verantwortung. Unter Links sind Links zu anderen Seiten im Internet gelegt. F\u00fcr alle diese Links gilt:Der Betreiber erkl\u00e4rt ausdr\u00fccklich, dass er keinen Einfluss auf [&hellip;]\" \/>\n<meta property=\"og:url\" content=\"https:\/\/farbenfee.li\/index.php\/impressum\/\" \/>\n<meta property=\"og:site_name\" content=\"Farbenfee.li\" \/>\n<meta property=\"article:modified_time\" content=\"2019-12-18T15:14:55+00:00\" \/>\n<meta name=\"twitter:card\" content=\"summary_large_image\" \/>\n<meta name=\"twitter:label1\" content=\"Gesch\u00e4tzte Lesezeit\" \/>\n\t<meta name=\"twitter:data1\" content=\"1\u00a0Minute\" \/>\n<script type=\"application\/ld+json\" class=\"yoast-schema-graph\">{\"@context\":\"https:\/\/schema.org\",\"@graph\":[{\"@type\":\"WebPage\",\"@id\":\"https:\/\/farbenfee.li\/index.php\/impressum\/\",\"url\":\"https:\/\/farbenfee.li\/index.php\/impressum\/\",\"name\":\"Impressum - Farbenfee.li\",\"isPartOf\":{\"@id\":\"https:\/\/farbenfee.li\/#website\"},\"datePublished\":\"2019-03-07T12:19:34+00:00\",\"dateModified\":\"2019-12-18T15:14:55+00:00\",\"breadcrumb\":{\"@id\":\"https:\/\/farbenfee.li\/index.php\/impressum\/#breadcrumb\"},\"inLanguage\":\"de\",\"potentialAction\":[{\"@type\":\"ReadAction\",\"target\":[\"https:\/\/farbenfee.li\/index.php\/impressum\/\"]}]},{\"@type\":\"BreadcrumbList\",\"@id\":\"https:\/\/farbenfee.li\/index.php\/impressum\/#breadcrumb\",\"itemListElement\":[{\"@type\":\"ListItem\",\"position\":1,\"name\":\"Home\",\"item\":\"https:\/\/farbenfee.li\/\"},{\"@type\":\"ListItem\",\"position\":2,\"name\":\"Impressum\"}]},{\"@type\":\"WebSite\",\"@id\":\"https:\/\/farbenfee.li\/#website\",\"url\":\"https:\/\/farbenfee.li\/\",\"name\":\"Farbenfee.li\",\"description\":\"Kunst-, Mal- und Gestaltungstherapie; Malp\u00e4dagogik\",\"publisher\":{\"@id\":\"https:\/\/farbenfee.li\/#organization\"},\"potentialAction\":[{\"@type\":\"SearchAction\",\"target\":{\"@type\":\"EntryPoint\",\"urlTemplate\":\"https:\/\/farbenfee.li\/?s={search_term_string}\"},\"query-input\":{\"@type\":\"PropertyValueSpecification\",\"valueRequired\":true,\"valueName\":\"search_term_string\"}}],\"inLanguage\":\"de\"},{\"@type\":\"Organization\",\"@id\":\"https:\/\/farbenfee.li\/#organization\",\"name\":\"Farbenfee\",\"url\":\"https:\/\/farbenfee.li\/\",\"logo\":{\"@type\":\"ImageObject\",\"inLanguage\":\"de\",\"@id\":\"https:\/\/farbenfee.li\/#\/schema\/logo\/image\/\",\"url\":\"https:\/\/farbenfee.li\/wp-content\/uploads\/2019\/08\/Wunderblume.jpg\",\"contentUrl\":\"https:\/\/farbenfee.li\/wp-content\/uploads\/2019\/08\/Wunderblume.jpg\",\"width\":2048,\"height\":1536,\"caption\":\"Farbenfee\"},\"image\":{\"@id\":\"https:\/\/farbenfee.li\/#\/schema\/logo\/image\/\"}}]}<\/script>\n<!-- \/ Yoast SEO plugin. -->","yoast_head_json":{"title":"Impressum - Farbenfee.li","robots":{"index":"index","follow":"follow","max-snippet":"max-snippet:-1","max-image-preview":"max-image-preview:large","max-video-preview":"max-video-preview:-1"},"canonical":"https:\/\/farbenfee.li\/index.php\/impressum\/","og_locale":"de_DE","og_type":"article","og_title":"Impressum - Farbenfee.li","og_description":"Verantwortlich f\u00fcr den Inhalt dieser Seite ist im Sinne des Mediengesetzes: B\u00e9atrice AltCH-2553 Safnern info@farbenfee.li F\u00fcr die Inhalte der Webseiten Dritter, welche mittels Hyperlink aufgerufen werden k\u00f6nnen, \u00fcbernimmt der Betreiber keine Verantwortung. Unter Links sind Links zu anderen Seiten im Internet gelegt. F\u00fcr alle diese Links gilt:Der Betreiber erkl\u00e4rt ausdr\u00fccklich, dass er keinen Einfluss auf [&hellip;]","og_url":"https:\/\/farbenfee.li\/index.php\/impressum\/","og_site_name":"Farbenfee.li","article_modified_time":"2019-12-18T15:14:55+00:00","twitter_card":"summary_large_image","twitter_misc":{"Gesch\u00e4tzte Lesezeit":"1\u00a0Minute"},"schema":{"@context":"https:\/\/schema.org","@graph":[{"@type":"WebPage","@id":"https:\/\/farbenfee.li\/index.php\/impressum\/","url":"https:\/\/farbenfee.li\/index.php\/impressum\/","name":"Impressum - Farbenfee.li","isPartOf":{"@id":"https:\/\/farbenfee.li\/#website"},"datePublished":"2019-03-07T12:19:34+00:00","dateModified":"2019-12-18T15:14:55+00:00","breadcrumb":{"@id":"https:\/\/farbenfee.li\/index.php\/impressum\/#breadcrumb"},"inLanguage":"de","potentialAction":[{"@type":"ReadAction","target":["https:\/\/farbenfee.li\/index.php\/impressum\/"]}]},{"@type":"BreadcrumbList","@id":"https:\/\/farbenfee.li\/index.php\/impressum\/#breadcrumb","itemListElement":[{"@type":"ListItem","position":1,"name":"Home","item":"https:\/\/farbenfee.li\/"},{"@type":"ListItem","position":2,"name":"Impressum"}]},{"@type":"WebSite","@id":"https:\/\/farbenfee.li\/#website","url":"https:\/\/farbenfee.li\/","name":"Farbenfee.li","description":"Kunst-, Mal- und Gestaltungstherapie; Malp\u00e4dagogik","publisher":{"@id":"https:\/\/farbenfee.li\/#organization"},"potentialAction":[{"@type":"SearchAction","target":{"@type":"EntryPoint","urlTemplate":"https:\/\/farbenfee.li\/?s={search_term_string}"},"query-input":{"@type":"PropertyValueSpecification","valueRequired":true,"valueName":"search_term_string"}}],"inLanguage":"de"},{"@type":"Organization","@id":"https:\/\/farbenfee.li\/#organization","name":"Farbenfee","url":"https:\/\/farbenfee.li\/","logo":{"@type":"ImageObject","inLanguage":"de","@id":"https:\/\/farbenfee.li\/#\/schema\/logo\/image\/","url":"https:\/\/farbenfee.li\/wp-content\/uploads\/2019\/08\/Wunderblume.jpg","contentUrl":"https:\/\/farbenfee.li\/wp-content\/uploads\/2019\/08\/Wunderblume.jpg","width":2048,"height":1536,"caption":"Farbenfee"},"image":{"@id":"https:\/\/farbenfee.li\/#\/schema\/logo\/image\/"}}]}},"_links":{"self":[{"href":"https:\/\/farbenfee.li\/index.php\/wp-json\/wp\/v2\/pages\/104","targetHints":{"allow":["GET"]}}],"collection":[{"href":"https:\/\/farbenfee.li\/index.php\/wp-json\/wp\/v2\/pages"}],"about":[{"href":"https:\/\/farbenfee.li\/index.php\/wp-json\/wp\/v2\/types\/page"}],"author":[{"embeddable":true,"href":"https:\/\/farbenfee.li\/index.php\/wp-json\/wp\/v2\/users\/2"}],"replies":[{"embeddable":true,"href":"https:\/\/farbenfee.li\/index.php\/wp-json\/wp\/v2\/comments?post=104"}],"version-history":[{"count":2,"href":"https:\/\/farbenfee.li\/index.php\/wp-json\/wp\/v2\/pages\/104\/revisions"}],"predecessor-version":[{"id":382,"href":"https:\/\/farbenfee.li\/index.php\/wp-json\/wp\/v2\/pages\/104\/revisions\/382"}],"wp:attachment":[{"href":"https:\/\/farbenfee.li\/index.php\/wp-json\/wp\/v2\/media?parent=104"}],"curies":[{"name":"wp","href":"https:\/\/api.w.org\/{rel}","templated":true}]}}